{"id":60,"date":"2022-09-29T12:08:59","date_gmt":"2022-09-29T12:08:59","guid":{"rendered":"https:\/\/portal.weberberg.de\/index.php\/gaestebuch\/"},"modified":"2024-05-26T16:02:25","modified_gmt":"2024-05-26T14:02:25","slug":"gaestebuch","status":"publish","type":"page","link":"https:\/\/weberberg.de\/index.php\/gaestebuch\/","title":{"rendered":"G\u00e4stebuch"},"content":{"rendered":"<div class=\"kg-card kg-header-card kg-width-full kg-size-small kg-style-dark\" data-kg-background-image=\"\">\n<h2 id=\"jetzt-neu\" class=\"kg-header-card-header\">Gel\u00e4ster, Ger\u00fcchte und Anr\u00fcchiges. Auch Konstruktives nicht unerw\u00fcnscht&#8230;<\/h2>\n<\/div>\n<div id=\"af-wrapper\"><div id=\"forum-header\"><div id=\"forum-navigation-mobile\"><a><span class=\"fas fa-bars\"><\/span>Men\u00fc<\/a><\/div><span class=\"screen-reader-text\">Forum-Navigation<\/span><div id=\"forum-navigation\"><a class=\"home-link\" href=\"https:\/\/weberberg.de\/?page_id=\" target=\"_self\">Forum<\/a><a class=\"activity-link\" href=\"https:\/\/weberberg.de\/?page_id=\/activity\/\" target=\"_self\">Aktivit\u00e4t<\/a><a class=\"login-link\" href=\"https:\/\/weberberg.de\/wp-login.php?redirect_to=https%3A%2F%2Fweberberg.de%2Findex.php%2Fwp-json%2Fwp%2Fv2%2Fpages%2F60\" target=\"_self\">Anmelden<\/a><a class=\"register-link\" href=\"https:\/\/weberberg.de\/wp-login.php?action=register\" target=\"_self\">Registrieren<\/a><\/div><div id=\"forum-search\"><span class=\"search-icon fas fa-search\"><\/span><form method=\"get\" action=\"https:\/\/weberberg.de\/?page_id=\/search\/\"><input name=\"keywords\" type=\"search\" placeholder=\"Suchen\u00a0\u2026\" value=\"\"><\/form><\/div><div class=\"clear\"><\/div><\/div><div id=\"forum-breadcrumbs\" itemscope itemtype=\"http:\/\/schema.org\/BreadcrumbList\"><span class=\"screen-reader-text\">Forum-Breadcrumbs - Du bist hier:<\/span><span class=\"breadcrumb-icon fas fa-home\"><\/span><span itemprop=\"itemListElement\" itemscope itemtype=\"https:\/\/schema.org\/ListItem\"><a itemprop=\"item\" href=\"https:\/\/weberberg.de\/?page_id=\" title=\"Forum\"><span itemprop=\"name\">Forum<\/span><\/a><meta itemprop=\"position\" content=\"1\"><\/span><span class=\"breadcrumb-icon fas fa-chevron-right separator\"><\/span><\/div><h1 class=\"main-title main-title-\">Forum<\/h1><div class=\"title-element\" id=\"forum-category-61\">Allgemeine Themen<span class=\"last-post-headline\">Letzter Beitrag<\/span><\/div><div class=\"content-container\"><div class=\"content-element forum\" id=\"forum-1\"><div class=\"forum-status unread\"><i class=\"fas fa-comments\"><\/i><\/div><div class=\"forum-name\"><a class=\"forum-title\" href=\"https:\/\/weberberg.de\/?page_id=\/forum\/erstes-forum\/\">DAS WEBERBERG FORUM<\/a><small class=\"forum-description\">Hauptforum<\/small><small class=\"forum-stats\">2\u00a0Themen&nbsp;&middot;&nbsp;3\u00a0Beitr\u00e4ge<\/small><small class=\"forum-lastpost-small\">Letzter Beitrag:&nbsp;<a href=\"https:\/\/weberberg.de\/?page_id=\/topic\/die-radiotitelliste-ist-nicht-verfuegbar\/#postid-8\">Die RadioTitelListe ist nicht verf &#8230;<\/a>&nbsp;&middot;&nbsp;<a href=\"https:\/\/weberberg.de\/?page_id=\/topic\/die-radiotitelliste-ist-nicht-verfuegbar\/#postid-8\">vor 2\u00a0Jahren<\/a>&nbsp;&middot;&nbsp;<a class=\"profile-link highlight-admin\" href=\"https:\/\/weberberg.de\/?page_id=\/profile\/gaspard\/\">gaspard<\/a><\/small><\/div><div class=\"forum-poster\"><div class=\"forum-poster-avatar\"><img alt='' src='https:\/\/secure.gravatar.com\/avatar\/9657d7307ad637ff7479de67d2e15fd3157a1e2e1a23fde1228048b8ac5f57e1?s=40&#038;d=mm&#038;r=g' srcset='https:\/\/secure.gravatar.com\/avatar\/9657d7307ad637ff7479de67d2e15fd3157a1e2e1a23fde1228048b8ac5f57e1?s=80&#038;d=mm&#038;r=g 2x' class='avatar avatar-40 photo' height='40' width='40' \/><\/div><div class=\"forum-poster-summary\"><a href=\"https:\/\/weberberg.de\/?page_id=\/topic\/die-radiotitelliste-ist-nicht-verfuegbar\/#postid-8\">Die RadioTitelListe ist n &#8230;<\/a><br><small><a href=\"https:\/\/weberberg.de\/?page_id=\/topic\/die-radiotitelliste-ist-nicht-verfuegbar\/#postid-8\">vor 2\u00a0Jahren<\/a><span>&nbsp;&middot;&nbsp;<\/span><a class=\"profile-link highlight-admin\" href=\"https:\/\/weberberg.de\/?page_id=\/profile\/gaspard\/\">gaspard<\/a><\/small><\/div><\/div><\/div><div class=\"content-element forum\" id=\"forum-3\"><div class=\"forum-status unread\"><i class=\"fas fa-comments\"><\/i><\/div><div class=\"forum-name\"><a class=\"forum-title\" href=\"https:\/\/weberberg.de\/?page_id=\/forum\/stuhl-gang-treffen-am-7-juni-17-uhr-marktplatz\/\">Stuhl - Gang Treffen am 7. Juni 17 Uhr Marktplatz?<\/a><small class=\"forum-description\">Initiativgruppe St\u00fchle auf den Marktplatz<\/small><small class=\"forum-stats\">1\u00a0Thema&nbsp;&middot;&nbsp;2\u00a0Beitr\u00e4ge<\/small><small class=\"forum-lastpost-small\">Letzter Beitrag:&nbsp;<a href=\"https:\/\/weberberg.de\/?page_id=\/topic\/viel-erfolg\/#postid-5\">Viel Erfolg!<\/a>&nbsp;&middot;&nbsp;<a href=\"https:\/\/weberberg.de\/?page_id=\/topic\/viel-erfolg\/#postid-5\">vor 2\u00a0Jahren<\/a>&nbsp;&middot;&nbsp;<a class=\"profile-link highlight-admin\" href=\"https:\/\/weberberg.de\/?page_id=\/profile\/gaspard\/\">gaspard<\/a><\/small><\/div><div class=\"forum-poster\"><div class=\"forum-poster-avatar\"><img alt='' src='https:\/\/secure.gravatar.com\/avatar\/9657d7307ad637ff7479de67d2e15fd3157a1e2e1a23fde1228048b8ac5f57e1?s=40&#038;d=mm&#038;r=g' srcset='https:\/\/secure.gravatar.com\/avatar\/9657d7307ad637ff7479de67d2e15fd3157a1e2e1a23fde1228048b8ac5f57e1?s=80&#038;d=mm&#038;r=g 2x' class='avatar avatar-40 photo' height='40' width='40' \/><\/div><div class=\"forum-poster-summary\"><a href=\"https:\/\/weberberg.de\/?page_id=\/topic\/viel-erfolg\/#postid-5\">Viel Erfolg!<\/a><br><small><a href=\"https:\/\/weberberg.de\/?page_id=\/topic\/viel-erfolg\/#postid-5\">vor 2\u00a0Jahren<\/a><span>&nbsp;&middot;&nbsp;<\/span><a class=\"profile-link highlight-admin\" href=\"https:\/\/weberberg.de\/?page_id=\/profile\/gaspard\/\">gaspard<\/a><\/small><\/div><\/div><\/div><div class=\"content-element forum\" id=\"forum-4\"><div class=\"forum-status read\"><i class=\"fas fa-comments\"><\/i><\/div><div class=\"forum-name\"><a class=\"forum-title\" href=\"https:\/\/weberberg.de\/?page_id=\/forum\/umweltschutz-in-biberach-riss\/\">Umweltschutz in Biberach Riss<\/a><small class=\"forum-description\">Klima und Co<\/small><small class=\"forum-stats\">0\u00a0Themen&nbsp;&middot;&nbsp;0\u00a0Beitr\u00e4ge<\/small><small class=\"forum-lastpost-small\"><small class=\"no-topics\">Noch keine Themen!<\/small><\/small><\/div><div class=\"forum-poster\"><small class=\"no-topics\">Noch keine Themen!<\/small><\/div><\/div><div class=\"content-element forum\" id=\"forum-5\"><div class=\"forum-status read\"><i class=\"fas fa-comments\"><\/i><\/div><div class=\"forum-name\"><a class=\"forum-title\" href=\"https:\/\/weberberg.de\/?page_id=\/forum\/stadtkultur\/\">Stadtkultur<\/a><small class=\"forum-description\">Gemeinderat und Stadtverwaltung - Neueste Entwicklungen<\/small><small class=\"forum-stats\">0\u00a0Themen&nbsp;&middot;&nbsp;0\u00a0Beitr\u00e4ge<\/small><small class=\"forum-lastpost-small\"><small class=\"no-topics\">Noch keine Themen!<\/small><\/small><\/div><div class=\"forum-poster\"><small class=\"no-topics\">Noch keine Themen!<\/small><\/div><\/div><div class=\"content-element forum\" id=\"forum-7\"><div class=\"forum-status unread\"><i class=\"fas fa-comments\"><\/i><\/div><div class=\"forum-name\"><a class=\"forum-title\" href=\"https:\/\/weberberg.de\/?page_id=\/forum\/aergernis-der-woche\/\">\u00c4rgernis der Woche<\/a><small class=\"forum-description\">Was nervt?<\/small><small class=\"forum-stats\">1\u00a0Thema&nbsp;&middot;&nbsp;1\u00a0Beitrag<\/small><small class=\"forum-lastpost-small\">Letzter Beitrag:&nbsp;<a href=\"https:\/\/weberberg.de\/?page_id=\/topic\/taxis-in-biberach\/#postid-6\">Taxis in Biberach?<\/a>&nbsp;&middot;&nbsp;<a href=\"https:\/\/weberberg.de\/?page_id=\/topic\/taxis-in-biberach\/#postid-6\">vor 2\u00a0Jahren<\/a>&nbsp;&middot;&nbsp;<a class=\"profile-link highlight-admin\" href=\"https:\/\/weberberg.de\/?page_id=\/profile\/gaspard\/\">gaspard<\/a><\/small><\/div><div class=\"forum-poster\"><div class=\"forum-poster-avatar\"><img alt='' src='https:\/\/secure.gravatar.com\/avatar\/9657d7307ad637ff7479de67d2e15fd3157a1e2e1a23fde1228048b8ac5f57e1?s=40&#038;d=mm&#038;r=g' srcset='https:\/\/secure.gravatar.com\/avatar\/9657d7307ad637ff7479de67d2e15fd3157a1e2e1a23fde1228048b8ac5f57e1?s=80&#038;d=mm&#038;r=g 2x' class='avatar avatar-40 photo' height='40' width='40' \/><\/div><div class=\"forum-poster-summary\"><a href=\"https:\/\/weberberg.de\/?page_id=\/topic\/taxis-in-biberach\/#postid-6\">Taxis in Biberach?<\/a><br><small><a href=\"https:\/\/weberberg.de\/?page_id=\/topic\/taxis-in-biberach\/#postid-6\">vor 2\u00a0Jahren<\/a><span>&nbsp;&middot;&nbsp;<\/span><a class=\"profile-link highlight-admin\" href=\"https:\/\/weberberg.de\/?page_id=\/profile\/gaspard\/\">gaspard<\/a><\/small><\/div><\/div><\/div><div class=\"content-element forum\" id=\"forum-8\"><div class=\"forum-status read\"><i class=\"fas fa-comments\"><\/i><\/div><div class=\"forum-name\"><a class=\"forum-title\" href=\"https:\/\/weberberg.de\/?page_id=\/forum\/film-fernsehen-video-kino-und-serien\/\">Film, Fernsehen - Video - Kino und Serien<\/a><small class=\"forum-description\">Alles was mit Filmen und Serien zu tun hat - oder auch mit Kino<\/small><small class=\"forum-stats\">0\u00a0Themen&nbsp;&middot;&nbsp;0\u00a0Beitr\u00e4ge<\/small><small class=\"forum-lastpost-small\"><small class=\"no-topics\">Noch keine Themen!<\/small><\/small><\/div><div class=\"forum-poster\"><small class=\"no-topics\">Noch keine Themen!<\/small><\/div><\/div><\/div><div id=\"read-unread\"><span class=\"indicator unread\"><\/span><span class=\"indicator-label\">Neue Beitr\u00e4ge<\/span><span class=\"indicator read\"><\/span><span class=\"indicator-label\">Nichts Neues<\/span><span class=\"indicator-label\"><span class=\"fas fa-check\"><\/span><a href=\"https:\/\/weberberg.de\/?page_id=%2Fmarkallread%2F&#038;_wpnonce=8acf4399ee\">Alle als Gelesen markieren<\/a><\/span><span class=\"indicator-label\"><span class=\"fas fa-history\"><\/span><a href=\"https:\/\/weberberg.de\/?page_id=\/unread\/\">Zeige ungelesene Themen<\/a><\/span><div class=\"clear\"><\/div><\/div><div id=\"statistics\"><div class=\"title-element title-element-dark\"><span class=\"title-element-icon fas fa-chart-pie\"><\/span>Statistiken<\/div><div id=\"statistics-body\"><div id=\"statistics-elements\"><div class=\"statistics-element\"><div class=\"element-number\"><span class=\"statistics-element-icon far fa-comments\"><\/span>4<\/div><div class=\"element-name\">Themen<\/div><\/div><div class=\"statistics-element\"><div class=\"element-number\"><span class=\"statistics-element-icon far fa-comment\"><\/span>6<\/div><div class=\"element-name\">Beitr\u00e4ge<\/div><\/div><div class=\"statistics-element\"><div class=\"element-number\"><span class=\"statistics-element-icon far fa-eye\"><\/span>6.846<\/div><div class=\"element-name\">Aufrufe<\/div><\/div><div class=\"statistics-element\"><div class=\"element-number\"><span class=\"statistics-element-icon far fa-user\"><\/span>1.552<\/div><div class=\"element-name\">Benutzer<\/div><\/div><div class=\"statistics-element\"><div class=\"element-number\"><span class=\"statistics-element-icon far fa-lightbulb\"><\/span>0<\/div><div class=\"element-name\">Online<\/div><\/div><\/div><div id=\"statistics-online-users\"><span class=\"online-users-icon fas fa-user\"><\/span>Neuestes Mitglied:&nbsp;<i><a class=\"profile-link highlight-default\" href=\"https:\/\/weberberg.de\/?page_id=\/profile\/oamfooxsqmjymtwq\/\">OamfooxSqMjYMtWq<\/a><\/i>&nbsp;&middot;&nbsp;<span class=\"online-users-icon fas fa-users\"><\/span><i>Momentan ist niemand online.<\/i><\/div><\/div><div class=\"clear\"><\/div><\/div><div id=\"bottom-navigation\"><\/div><div class=\"clear\"><\/div><\/div>\n","protected":false},"excerpt":{"rendered":"<p>Gel\u00e4ster, Ger\u00fcchte und Anr\u00fcchiges. Auch Konstruktives nicht unerw\u00fcnscht&#8230;<\/p>\n","protected":false},"author":1,"featured_media":50,"parent":0,"menu_order":0,"comment_status":"closed","ping_status":"closed","template":"","meta":{"footnotes":""},"class_list":["post-60","page","type-page","status-publish","has-post-thumbnail","hentry"],"_links":{"self":[{"href":"https:\/\/weberberg.de\/index.php\/wp-json\/wp\/v2\/pages\/60","targetHints":{"allow":["GET"]}}],"collection":[{"href":"https:\/\/weberberg.de\/index.php\/wp-json\/wp\/v2\/pages"}],"about":[{"href":"https:\/\/weberberg.de\/index.php\/wp-json\/wp\/v2\/types\/page"}],"author":[{"embeddable":true,"href":"https:\/\/weberberg.de\/index.php\/wp-json\/wp\/v2\/users\/1"}],"replies":[{"embeddable":true,"href":"https:\/\/weberberg.de\/index.php\/wp-json\/wp\/v2\/comments?post=60"}],"version-history":[{"count":2,"href":"https:\/\/weberberg.de\/index.php\/wp-json\/wp\/v2\/pages\/60\/revisions"}],"predecessor-version":[{"id":11420,"href":"https:\/\/weberberg.de\/index.php\/wp-json\/wp\/v2\/pages\/60\/revisions\/11420"}],"wp:featuredmedia":[{"embeddable":true,"href":"https:\/\/weberberg.de\/index.php\/wp-json\/wp\/v2\/pages\/50"}],"wp:attachment":[{"href":"https:\/\/weberberg.de\/index.php\/wp-json\/wp\/v2\/media?parent=60"}],"curies":[{"name":"wp","href":"https:\/\/api.w.org\/{rel}","templated":true}]}}