{"id":50,"date":"2022-09-29T12:08:41","date_gmt":"2022-09-29T12:08:41","guid":{"rendered":"https:\/\/portal.weberberg.de\/index.php\/redaktion-kontakt\/"},"modified":"2026-01-23T12:07:13","modified_gmt":"2026-01-23T10:07:13","slug":"redaktion-kontakt","status":"publish","type":"page","link":"https:\/\/weberberg.de\/index.php\/redaktion-kontakt\/","title":{"rendered":"Redaktion \/ Kontakt"},"content":{"rendered":"<div class=\"kg-card kg-callout-card kg-callout-card-grey\">\n<div class=\"kg-callout-emoji\">\ud83e\udded<\/div>\n<div class=\"kg-callout-text\">Pr\u00e4ambel<br \/>Weberberg ist eine \u00fcberparteiliche, unabh\u00e4ngige und journalistischen Grunds\u00e4tzen verpflichtete ehrenamtliche Informationsseite im Verlag der Uli St\u00f6ckle GmbH. Werbung und Sponsoring finden nicht statt und werden nicht angeboten. Weberberg ist nicht gemeinn\u00fctzig &#8211; dennoch sind Spenden m\u00f6glich, allerdings ohne daraus resultierende Anspr\u00fcche. Einzelne Artikel geben nicht die Meinung der gesamten Redaktion wieder, sondern die des Autors. Zitate und Ausz\u00fcge sind mit Quellenangabe und auf Nachfrage m\u00f6glich. Inhalte werden vor Ver\u00f6ffentlichung vom Redaktionsleiter gepr\u00fcft, f\u00fcr unverlangt eingesandte Texte besteht keine Ver\u00f6ffentlichungspflicht. Allgemein k\u00f6nnen sich jederzeit weitere ehrenamtliche Autoren bewerben. Angemeldete Nutzer erhalten die Berechtigung im G\u00e4stebuch Eintr\u00e4ge zu verfassen und das AV-Archiv vollst\u00e4ndig zu nutzen.<\/div>\n<\/div>\n<div class=\"kg-card kg-header-card kg-width-full kg-size-small kg-style-dark\" data-kg-background-image=\"\">\n<h2 id=\"redaktion\" class=\"kg-header-card-header\">Redaktion<\/h2>\n<h3 id=\"unsere-autoren\" class=\"kg-header-card-subheader\">Unsere Autoren<\/h3>\n<\/div>\n<div class=\"kg-card kg-toggle-card\" data-kg-toggle-state=\"close\">\n<div class=\"kg-toggle-heading\">\n<h4 class=\"kg-toggle-heading-text\">Gaspard Hauser (gh)<\/h4>\n<\/div>\n<div class=\"kg-toggle-content\">\n<p>E-Mail:\u2003<a href=\"mailto:gaspard.hauser@weberberg.de\">gaspard.hauser@weberberg.de<\/a><\/p>\n<\/div>\n<\/div>\n<div class=\"kg-card kg-toggle-card\" data-kg-toggle-state=\"close\">\n<div class=\"kg-toggle-heading\">\n<h4 class=\"kg-toggle-heading-text\">Tulse Luper 5 (tl5)<\/h4>\n<\/div>\n<div class=\"kg-toggle-content\">\n<p>E-Mail:\u2003<a href=\"mailto:tulse.luper5@weberberg.de\">tulse.luper5@weberberg.de<\/a><\/p>\n<h4>\u00a0<\/h4>\n<p class=\"kg-toggle-heading-text\"><strong>Friedrich Conrad<\/strong><\/p>\n<p><strong>Egon Cappa<\/strong><\/p>\n<p><strong><span style=\"color: revert; font-size: revert;\">Albert Gratz<\/span><\/strong><\/p>\n<\/div>\n<\/div>\n<div class=\"kg-card kg-toggle-card\" data-kg-toggle-state=\"close\">\n<div class=\"kg-toggle-content\">\n<p class=\"kg-toggle-heading-text\"><strong>Hanno Wolfram<\/strong><\/p>\n<p><strong>Walt Marten<\/strong><\/p>\n<p><strong>J\u00fcrgen Kraft<\/strong><\/p>\n<p><strong>Harry Haller<\/strong><\/p>\n<p><strong>Amelie Pachulke (Redaktionsfrau)<\/strong><\/p>\n<\/p>\n<\/div>\n<\/div>\n<div class=\"kg-card kg-header-card kg-width-full kg-size-small kg-style-dark\" data-kg-background-image=\"\">\n<h3 id=\"bitte-keinen-schei%C3%9F\" class=\"kg-header-card-subheader\">\u00a0<\/h3>\n<\/div>\n<figure class=\"kg-card kg-image-card\"><\/figure>\n\n\n<figure class=\"wp-block-video aligncenter\"><video height=\"720\" style=\"aspect-ratio: 1280 \/ 720;\" width=\"1280\" controls src=\"https:\/\/weberberg.de\/wp-content\/uploads\/2025\/08\/Amelie.mp4\"><\/video><\/figure>\n\n\n<div class=\"wp-block-image\">\n<figure class=\"aligncenter size-large is-resized\"><img decoding=\"async\" src=\"https:\/\/weberberg.de\/wp-content\/uploads\/2025\/06\/Amelie_im_Buero-683x1024.jpg\" alt=\"\" style=\"width:539px;height:auto\"\/><figcaption class=\"wp-element-caption\">Amelie Pachulke 2025 in der Weberbergredaktion.<\/figcaption><\/figure>\n<\/div>","protected":false},"excerpt":{"rendered":"<p>\ud83e\udded Pr\u00e4ambelWeberberg ist eine \u00fcberparteiliche, unabh\u00e4ngige und journalistischen Grunds\u00e4tzen verpflichtete ehrenamtliche Informationsseite im Verlag der Uli St\u00f6ckle GmbH. Werbung und Sponsoring finden nicht statt und werden nicht angeboten. Weberberg ist nicht gemeinn\u00fctzig &#8211; dennoch sind Spenden m\u00f6glich, allerdings ohne daraus resultierende Anspr\u00fcche. Einzelne Artikel geben nicht die Meinung der gesamten Redaktion wieder, sondern die des Autors. Zitate und Ausz\u00fcge sind mit Quellenangabe und auf Nachfrage m\u00f6glich. Inhalte werden vor Ver\u00f6ffentlichung vom Redaktionsleiter gepr\u00fcft, f\u00fcr unverlangt eingesandte Texte besteht keine Ver\u00f6ffentlichungspflicht. Allgemein k\u00f6nnen sich jederzeit weitere ehrenamtliche Autoren bewerben. Angemeldete Nutzer erhalten die Berechtigung im G\u00e4stebuch Eintr\u00e4ge zu verfassen und das<\/p>\n","protected":false},"author":1,"featured_media":40,"parent":0,"menu_order":0,"comment_status":"closed","ping_status":"closed","template":"","meta":{"footnotes":""},"class_list":["post-50","page","type-page","status-publish","has-post-thumbnail","hentry"],"_links":{"self":[{"href":"https:\/\/weberberg.de\/index.php\/wp-json\/wp\/v2\/pages\/50","targetHints":{"allow":["GET"]}}],"collection":[{"href":"https:\/\/weberberg.de\/index.php\/wp-json\/wp\/v2\/pages"}],"about":[{"href":"https:\/\/weberberg.de\/index.php\/wp-json\/wp\/v2\/types\/page"}],"author":[{"embeddable":true,"href":"https:\/\/weberberg.de\/index.php\/wp-json\/wp\/v2\/users\/1"}],"replies":[{"embeddable":true,"href":"https:\/\/weberberg.de\/index.php\/wp-json\/wp\/v2\/comments?post=50"}],"version-history":[{"count":10,"href":"https:\/\/weberberg.de\/index.php\/wp-json\/wp\/v2\/pages\/50\/revisions"}],"predecessor-version":[{"id":19422,"href":"https:\/\/weberberg.de\/index.php\/wp-json\/wp\/v2\/pages\/50\/revisions\/19422"}],"wp:featuredmedia":[{"embeddable":true,"href":"https:\/\/weberberg.de\/index.php\/wp-json\/wp\/v2\/pages\/40"}],"wp:attachment":[{"href":"https:\/\/weberberg.de\/index.php\/wp-json\/wp\/v2\/media?parent=50"}],"curies":[{"name":"wp","href":"https:\/\/api.w.org\/{rel}","templated":true}]}}