{"id":300,"date":"2022-10-04T08:34:06","date_gmt":"2022-10-04T08:34:06","guid":{"rendered":"https:\/\/portal.weberberg.de\/index.php\/datenschutzerklaerung\/"},"modified":"2024-06-02T17:54:59","modified_gmt":"2024-06-02T15:54:59","slug":"datenschutzerklaerung","status":"publish","type":"page","link":"https:\/\/weberberg.de\/index.php\/datenschutzerklaerung\/","title":{"rendered":"Datenschutzerkl\u00e4rung"},"content":{"rendered":"<p><strong>Datenschutzerkl\u00e4rung nach der DSGVO<\/strong><\/p>\n<p>Der Schutz personenbezogener Daten wird seitens der Uli St\u00f6ckle GmbH sehr ernst genommen. Nachfolgend, um den Anforderungen der Art. 13 und 14 DSGVO (Informationspflichten) zu gen\u00fcgen, wird wie folgt informiert:<\/p>\n<p><strong>1. Name und Kontaktdaten des f\u00fcr die Verarbeitung Verantwortlichen<\/strong><\/p>\n<p>Diese Datenschutz-Information gilt f\u00fcr die Datenverarbeitung seitens der Uli St\u00f6ckle GmbH.<\/p>\n<p>Verantwortlich: Uli St\u00f6ckle, Schadenhofstra\u00dfe 5, D-88400 Biberach<\/p>\n<p>Email: uli.stoeckle@ensemble-film.de<\/p>\n<p>Telefon: +49 (0)7351 \u2013 575 920<\/p>\n<p><strong>2. Erhebung und Speicherung personenbezogener Daten sowie Art und Zweck von deren Verwendung<\/strong><\/p>\n<p>a) Beim Besuch der Website<\/p>\n<p>Beim Aufrufen der Website <a href=\"https:\/\/weberberg.de\/\">www.weberberg.de<\/a> werden durch den auf Ihrem Endger\u00e4t zum Einsatz kommenden Browser automatisch Informationen an den Server diesseitiger Website gesendet. Diese Informationen werden tempor\u00e4r in einem sog. Logfile gespeichert. Folgende Informationen werden dabei ohne Ihr Zutun erfasst und bis zur automatisierten L\u00f6schung gespeichert:<\/p>\n<p>IP-Adresse des anfragenden Rechners,<br \/> Datum und Uhrzeit des Zugriffs,<br \/> Name und URL der abgerufenen Datei,<br \/> Website, von der aus der Zugriff erfolgt (Referrer-URL),<br \/> verwendeter Browser und ggf. das Betriebssystem Ihres Rechners<br \/>sowie der Name Ihres Access-Providers.<\/p>\n<p>Die Datenverarbeitung auf dieser Website erfolgt hierbei durch den Websiteprovider.<\/p>\n<p>Die genannten Daten werden diesseits zu folgenden Zwecken verarbeitet:<\/p>\n<p>Gew\u00e4hrleistung eines reibungslosen Verbindungsaufbaus der Website,<br \/> Gew\u00e4hrleistung einer komfortablen Nutzung der Website,<br \/> Auswertung der Systemsicherheit und -stabilit\u00e4t sowie zu weiteren administrativen Zwecken.<\/p>\n<p>Die Rechtsgrundlage f\u00fcr die Datenverarbeitung ist Art. 6 Abs. 1 S. 1 lit. f DSGVO. Diesseitiges berechtigtes Interesse folgt aus oben aufgelisteten Zwecken zur Datenerhebung. In keinem Fall werden diesseits die erhobenen Daten zu dem Zweck, R\u00fcckschl\u00fcsse auf Ihre Person zu ziehen verwendet. Dar\u00fcber hinaus werden ggf. beim Besuch der Website Cookies sowie Analysedienste eingesetzt. N\u00e4here Erl\u00e4uterungen dazu erhalten Sie unter den Ziff. 4 und 5 dieser Datenschutzerkl\u00e4rung.<\/p>\n<p>b) Kontaktaufnahme via Email<\/p>\n<p>Bei Fragen jeglicher Art haben Sie die M\u00f6glichkeit, via auf der Website bereitgestellter Email-Adresse Kontakt aufzunehmen. Dabei ist die Angabe einer g\u00fcltigen Email-Adresse erforderlich, damit ersichtlich ist, von wem die Anfrage stammt und um diese beantworten zu k\u00f6nnen. Weitere Angaben k\u00f6nnen freiwillig get\u00e4tigt werden.<\/p>\n<p>Die Datenverarbeitung zum Zwecke der Kontaktaufnahme erfolgt nach Art. 6 Abs. 1 S. 1 lit. a DSGVO auf Grundlage Ihrer freiwillig erteilten Einwilligung.<\/p>\n<p>Die f\u00fcr die Benutzung der Email-Kontaktm\u00f6glichkeit diesseits erhobenen personenbezogenen Daten werden nach Erledigung der von Ihnen gestellten Anfrage automatisch gel\u00f6scht.<\/p>\n<p><strong>3. Weitergabe von Daten<\/strong><\/p>\n<p>Eine \u00dcbermittlung Ihrer pers\u00f6nlichen Daten an Dritte zu anderen als den im Folgenden aufgef\u00fchrten Zwecken findet nicht statt.<\/p>\n<p>Ihre pers\u00f6nlichen Daten werden nur an Dritte weitergegeben, wenn:<\/p>\n<p>Sie Ihre nach Art. 6 Abs. 1 S. 1 lit. a DSGVO ausdr\u00fcckliche Einwilligung dazu erteilt haben,<br \/> die Weitergabe nach Art. 6 Abs. 1 S. 1 lit. f DSGVO zur Geltendmachung, Aus\u00fcbung oder Verteidigung von Rechtsanspr\u00fcchen erforderlich ist und kein Grund zur Annahme besteht, dass Sie ein \u00fcberwiegendes schutzw\u00fcrdiges Interesse an der Nichtweitergabe Ihrer Daten haben,<br \/> f\u00fcr den Fall, dass f\u00fcr die Weitergabe nach Art. 6 Abs. 1 S. 1 lit. c DSGVO eine gesetzliche Verpflichtung besteht, sowie<br \/> dies gesetzlich zul\u00e4ssig und nach Art. 6 Abs. 1 S. 1 lit. b DSGVO f\u00fcr die Abwicklung von Vertragsverh\u00e4ltnissen mit Ihnen erforderlich ist.<\/p>\n<p><strong>4. Cookies<\/strong><\/p>\n<p>Es werden ggf. auf der Website Cookies eingesetzt. Hierbei handelt es sich um kleine Dateien, die Ihr Browser automatisch erstellt und die auf Ihrem Endger\u00e4t (Laptop, Tablet, Smartphone o.\u00e4.) gespeichert werden, wenn Sie die Website www.klob.de besuchen. Cookies richten auf Ihrem Endger\u00e4t keinen Schaden an, enthalten keine Viren, Trojaner oder sonstige Schadsoftware. In dem Cookie werden Informationen abgelegt, die sich jeweils im Zusammenhang mit dem spezifisch eingesetzten Endger\u00e4t ergeben. Dies bedeutet jedoch nicht, dass diesseits dadurch unmittelbar Kenntnis von Ihrer Identit\u00e4t erhalten. Der Einsatz von Cookies dient dazu, die Nutzung des Angebots f\u00fcr Sie angenehmer zu gestalten. So werden sogenannte Session-Cookies eingesetzt, um zu erkennen, dass Sie einzelne Seiten der Website bereits besucht haben. Diese werden nach Verlassen der Seite automatisch gel\u00f6scht.<\/p>\n<p>Dar\u00fcber hinaus werden ebenfalls zur Optimierung der Benutzerfreundlichkeit tempor\u00e4re Cookies eingesetzt, die f\u00fcr einen bestimmten festgelegten Zeitraum auf Ihrem Endger\u00e4t gespeichert werden. Besuchen Sie die Seite auf www.klob.de erneut, um diesseitige Dienste in Anspruch zu nehmen, wird automatisch erkannt, dass Sie bereits einmal da waren und welche Eingaben und Einstellungen sie get\u00e4tigt haben, um diese nicht noch einmal eingeben zu m\u00fcssen.<\/p>\n<p>Zum anderen werden Cookies eingesetzt, um die Nutzung der Website statistisch zu erfassen und zum Zwecke der Optimierung des Angebotes f\u00fcr Sie auszuwerten (siehe Ziff. 5). Diese Cookies erm\u00f6glichen es, bei einem erneuten Besuch der Seite automatisch zu erkennen, dass Sie bereits bei uns waren. Diese Cookies werden nach einer jeweils definierten Zeit automatisch gel\u00f6scht.<\/p>\n<p>Die durch Cookies verarbeiteten Daten sind f\u00fcr die genannten Zwecke zur Wahrung diesseitiger berechtigten Interessen sowie der Dritter nach Art. 6 Abs. 1 S. 1 lit. f DSGVO erforderlich. Die meisten Browser akzeptieren Cookies automatisch. Sie k\u00f6nnen Ihren Browser jedoch so konfigurieren, dass keine Cookies auf Ihrem Computer gespeichert werden oder stets ein Hinweis erscheint, bevor ein neuer Cookie angelegt wird. Die vollst\u00e4ndige Deaktivierung von Cookies kann jedoch dazu f\u00fchren, dass Sie nicht alle Funktionen der Website nutzen k\u00f6nnen.<\/p>\n<p><em>\u201eKommentare und Beitr\u00e4ge\u201c<\/em><\/p>\n<p>Soweit Sie Kommentare in einem diesseits zur Verf\u00fcgung gestellten Blog oder sonstige Beitr\u00e4ge hinterlassen, werden Ihre IP-Adressen wie Email-Adresse gespeichert. Das erfolgt zur diesseitigen Sicherheit, soweit in Kommentaren und Beitr\u00e4gen widerrechtliche Inhalte geschrieben werden (Beleidigungen, verbotene politische Propaganda, etc.). In diesem Fall k\u00f6nnte die Redaktion selbst f\u00fcr den Kommentar oder Beitrag belangt werden und hat daher an der Identit\u00e4t des Verfassers ein berechtigtes Interesse.<\/p>\n<p><strong>5. Betroffenenrechte<\/strong><\/p>\n<p>Sie haben das Recht:<\/p>\n<ul>\n<li>gem\u00e4\u00df Art. 15 DSGVO Auskunft \u00fcber Ihre diesseits verarbeiteten personenbezogenen Daten zu verlangen. Insbesondere k\u00f6nnen Sie Auskunft \u00fcber die Verarbeitungszwecke, die Kategorie der personenbezogenen Daten, die Kategorien von Empf\u00e4ngern, gegen\u00fcber denen Ihre Daten offengelegt wurden oder werden, die geplante Speicherdauer, das Bestehen eines Rechts auf Berichtigung, L\u00f6schung, Einschr\u00e4nkung der Verarbeitung oder Widerspruch, das Bestehen eines Beschwerderechts, die Herkunft Ihrer Daten, sofern diese nicht diesseits erhoben wurden, sowie \u00fcber das Bestehen einer automatisierten Entscheidungsfindung einschlie\u00dflich Profiling und ggf. aussagekr\u00e4ftigen Informationen zu deren Einzelheiten verlangen;<\/li>\n<li>gem\u00e4\u00df Art. 16 DSGVO unverz\u00fcglich die Berichtigung unrichtiger oder Vervollst\u00e4ndigung Ihrer diesseits gespeicherten personenbezogenen Daten zu verlangen;<\/li>\n<li>gem\u00e4\u00df Art. 17 DSGVO die L\u00f6schung Ihrer diesseits gespeicherten personenbezogenen Daten zu verlangen, soweit nicht die Verarbeitung zur Aus\u00fcbung des Rechts auf freie Meinungs\u00e4u\u00dferung und Information, zur Erf\u00fcllung einer rechtlichen Verpflichtung, aus Gr\u00fcnden des \u00f6ffentlichen Interesses oder zur Geltendmachung, Aus\u00fcbung oder Verteidigung von Rechtsanspr\u00fcchen erforderlich ist;<\/li>\n<li>gem\u00e4\u00df Art. 18 DSGVO die Einschr\u00e4nkung der Verarbeitung Ihrer personenbezogenen Daten zu verlangen, soweit \u00a0die Richtigkeit der Daten von Ihnen bestritten wird, die Verarbeitung unrechtm\u00e4\u00dfig ist, Sie aber deren L\u00f6schung ablehnen und diesseits die Daten nicht mehr ben\u00f6tigt werden, Sie jedoch diese zur Geltendmachung, Aus\u00fcbung oder Verteidigung von Rechtsanspr\u00fcchen ben\u00f6tigen oder Sie gem\u00e4\u00df Art. 21 DSGVO Widerspruch gegen die Verarbeitung eingelegt haben;<\/li>\n<li>gem\u00e4\u00df Art. 20 DSGVO Ihre personenbezogenen Daten, die Sie der Kanzlei bereitgestellt haben, in einem strukturierten, g\u00e4ngigen und maschinenlesbaren Format zu erhalten oder die \u00dcbermittlung an einen anderen Verantwortlichen zu verlangen;<\/li>\n<li>gem\u00e4\u00df Art. 7 Abs. 3 DSGVO Ihre einmal erteilte Einwilligung jederzeit gegen\u00fcber der Kanzlei Klob zu widerrufen. Dies hat zur Folge, dass die Kanzlei die Datenverarbeitung, die auf dieser Einwilligung beruhte, f\u00fcr die Zukunft nicht mehr fortf\u00fchren darf und<\/li>\n<li>gem\u00e4\u00df Art. 77 DSGVO sich bei einer Aufsichtsbeh\u00f6rde zu beschweren. In der Regel k\u00f6nnen Sie sich hierf\u00fcr an die Aufsichtsbeh\u00f6rde Ihres \u00fcblichen Aufenthaltsortes oder Arbeitsplatzes oder des Kanzleisitzes der Kanzlei Klob wenden.<\/li>\n<\/ul>\n<p><strong>6. Widerspruchsrecht<\/strong><\/p>\n<p>Sofern Ihre personenbezogenen Daten auf Grundlage von berechtigten Interessen gem\u00e4\u00df Art. 6 Abs. 1 S. 1 lit. f DSGVO verarbeitet werden, haben Sie das Recht, gem\u00e4\u00df Art. 21 DSGVO Widerspruch gegen die Verarbeitung Ihrer personenbezogenen Daten einzulegen, soweit daf\u00fcr Gr\u00fcnde vorliegen, die sich aus Ihrer besonderen Situation ergeben oder sich der Widerspruch gegen Direktwerbung richtet. Im letzteren Fall haben Sie ein generelles Widerspruchsrecht, das ohne Angabe einer besonderen Situation seitens der Kanzlei Klob umgesetzt wird.<\/p>\n<p>M\u00f6chten Sie von Ihrem Widerrufs- oder Widerspruchsrecht Gebrauch machen, gen\u00fcgt eine Email an <strong><a href=\"mailto:uli.stoeckle@ensemble-film.de\">uli.stoeckle@ensemble-film.de<\/a><\/strong>.<\/p>\n<p><strong>7. Datensicherheit<\/strong><\/p>\n<p>Wir verwenden innerhalb des Website-Besuchs regelm\u00e4\u00dfig das verbreitete SSL-Verfahren (Secure Socket Layer) in Verbindung mit der jeweils h\u00f6chsten Verschl\u00fcsselungsstufe, die von Ihrem Browser unterst\u00fctzt wird. In der Regel handelt es sich dabei um eine 256 Bit Verschl\u00fcsselung. Falls Ihr Browser keine 256-Bit Verschl\u00fcsselung unterst\u00fctzt, greifen wir stattdessen auf 128-Bit v3 Technologie zur\u00fcck. Ob eine einzelne Seite des diesseitigen Internetauftrittes verschl\u00fcsselt \u00fcbertragen wird, erkennen Sie an der geschlossenen Darstellung des Sch\u00fcssel- beziehungsweise Schloss-Symbols in der unteren Statusleiste Ihres Browsers.<\/p>\n<p>Im \u00dcbrigen bedient sich die Uli St\u00f6ckle geeigneter technischer und organisatorischer Sicherheitsma\u00dfnahmen, um Ihre Daten gegen zuf\u00e4llige oder vors\u00e4tzliche Manipulationen, teilweisen oder vollst\u00e4ndigen Verlust, Zerst\u00f6rung oder gegen den unbefugten Zugriff Dritter zu sch\u00fctzen. Die entsprechenden Sicherheitsma\u00dfnahmen werden entsprechend der technologischen Entwicklung fortlaufend verbessert.<\/p>\n<p><strong>10. Aktualit\u00e4t und \u00c4nderung dieser Datenschutzerkl\u00e4rung<\/strong><\/p>\n<p>Diese Datenschutzerkl\u00e4rung ist aktuell g\u00fcltig und hat den Stand Mai 2018.<\/p>\n<p>Durch die Weiterentwicklung der Website und Angebote dar\u00fcber oder aufgrund ge\u00e4nderter gesetzlicher beziehungsweise beh\u00f6rdlicher Vorgaben kann es notwendig werden, diese Datenschutzerkl\u00e4rung zu \u00e4ndern.<\/p>\n<p>Die jeweils aktuelle Datenschutzerkl\u00e4rung kann jederzeit auf dieser Website (<strong><a href=\"https:\/\/weberberg.de\/datenschutzerklaerung\/\">https:\/\/weberberg.de\/datenschutzerklaerung\/<\/a><\/strong> von Ihnen abgerufen und ausgedruckt werden.<\/p>\n","protected":false},"excerpt":{"rendered":"<p>Datenschutzerkl\u00e4rung nach der DSGVO Der Schutz personenbezogener Daten wird seitens der Uli St\u00f6ckle GmbH sehr ernst genommen. Nachfolgend, um den Anforderungen der Art. 13 und 14 DSGVO (Informationspflichten) zu gen\u00fcgen, wird wie folgt informiert: 1. Name und Kontaktdaten des f\u00fcr die Verarbeitung Verantwortlichen Diese Datenschutz-Information gilt f\u00fcr die Datenverarbeitung seitens der Uli St\u00f6ckle GmbH. Verantwortlich: Uli St\u00f6ckle, Schadenhofstra\u00dfe 5, D-88400 Biberach Email: uli.stoeckle@ensemble-film.de Telefon: +49 (0)7351 \u2013 575 920 2. Erhebung und Speicherung personenbezogener Daten sowie Art und Zweck von deren Verwendung a) Beim Besuch der Website Beim Aufrufen der Website www.weberberg.de werden durch den auf Ihrem Endger\u00e4t zum Einsatz<\/p>\n","protected":false},"author":1,"featured_media":2145,"parent":0,"menu_order":0,"comment_status":"closed","ping_status":"closed","template":"","meta":{"footnotes":""},"class_list":["post-300","page","type-page","status-publish","has-post-thumbnail","hentry"],"_links":{"self":[{"href":"https:\/\/weberberg.de\/index.php\/wp-json\/wp\/v2\/pages\/300","targetHints":{"allow":["GET"]}}],"collection":[{"href":"https:\/\/weberberg.de\/index.php\/wp-json\/wp\/v2\/pages"}],"about":[{"href":"https:\/\/weberberg.de\/index.php\/wp-json\/wp\/v2\/types\/page"}],"author":[{"embeddable":true,"href":"https:\/\/weberberg.de\/index.php\/wp-json\/wp\/v2\/users\/1"}],"replies":[{"embeddable":true,"href":"https:\/\/weberberg.de\/index.php\/wp-json\/wp\/v2\/comments?post=300"}],"version-history":[{"count":1,"href":"https:\/\/weberberg.de\/index.php\/wp-json\/wp\/v2\/pages\/300\/revisions"}],"predecessor-version":[{"id":11476,"href":"https:\/\/weberberg.de\/index.php\/wp-json\/wp\/v2\/pages\/300\/revisions\/11476"}],"wp:featuredmedia":[{"embeddable":true,"href":"https:\/\/weberberg.de\/index.php\/wp-json\/"}],"wp:attachment":[{"href":"https:\/\/weberberg.de\/index.php\/wp-json\/wp\/v2\/media?parent=300"}],"curies":[{"name":"wp","href":"https:\/\/api.w.org\/{rel}","templated":true}]}}